{"id":36,"date":"2025-12-20T16:26:45","date_gmt":"2025-12-20T16:26:45","guid":{"rendered":""},"modified":"2025-12-20T16:26:45","modified_gmt":"2025-12-20T16:26:45","slug":"ehitusjargsed","status":"publish","type":"page","link":"https:\/\/puhastuspro.ee\/ru\/ehitusjargsed\/","title":{"rendered":"\u0423\u0431\u043e\u0440\u043a\u0430 \u043f\u043e\u0441\u043b\u0435 \u0440\u0435\u043c\u043e\u043d\u0442\u0430"},"content":{"rendered":"","protected":false},"excerpt":{"rendered":"<p>Expert koristus padding and underlay installation in Tallinn.<\/p>","protected":false},"author":1,"featured_media":0,"parent":0,"menu_order":0,"comment_status":"closed","ping_status":"closed","template":"page-templates\/template-service.php","meta":{"footnotes":""},"class_list":["post-36","page","type-page","status-publish","hentry"],"yoast_head":"<!-- This site is optimized with the Yoast SEO plugin v26.6 - https:\/\/yoast.com\/wordpress\/plugins\/seo\/ -->\n<title>Ehitusj\u00e4rgne koristus Tallinnas ja Tartus | Puhastus Pro<\/title>\n<meta name=\"description\" content=\"Ehitusj\u00e4rgne koristus Tallinnas ja Tartus. P\u00f5hjalik puhastus p\u00e4rast ehitus- ja remondit\u00f6id. Ehitustolmu eemaldamine. Tasuta pakkumine.\" \/>\n<meta name=\"robots\" content=\"index, follow, max-snippet:-1, max-image-preview:large, max-video-preview:-1\" \/>\n<link rel=\"canonical\" href=\"https:\/\/puhastuspro.ee\/ru\/ehitusjargsed\/\" \/>\n<meta property=\"og:locale\" content=\"ru_RU\" \/>\n<meta property=\"og:type\" content=\"article\" \/>\n<meta property=\"og:title\" content=\"Ehitusj\u00e4rgne koristus Tallinnas ja Tartus | Puhastus Pro\" \/>\n<meta property=\"og:description\" content=\"Ehitusj\u00e4rgne koristus Tallinnas ja Tartus. P\u00f5hjalik puhastus p\u00e4rast ehitus- ja remondit\u00f6id. Ehitustolmu eemaldamine. Tasuta pakkumine.\" \/>\n<meta property=\"og:url\" content=\"https:\/\/puhastuspro.ee\/ru\/ehitusjargsed\/\" \/>\n<meta property=\"og:site_name\" content=\"Puhastus Pro\" \/>\n<meta name=\"twitter:card\" content=\"summary_large_image\" \/>\n<script type=\"application\/ld+json\" class=\"yoast-schema-graph\">{\"@context\":\"https:\/\/schema.org\",\"@graph\":[{\"@type\":\"WebPage\",\"@id\":\"https:\/\/puhastuspro.ee\/ehitusjargsed\/\",\"url\":\"https:\/\/puhastuspro.ee\/ehitusjargsed\/\",\"name\":\"Ehitusj\u00e4rgne koristus Tallinnas ja Tartus | Puhastus Pro\",\"isPartOf\":{\"@id\":\"https:\/\/puhastuspro.ee\/ru\/#website\"},\"datePublished\":\"2025-12-20T16:26:45+00:00\",\"description\":\"Ehitusj\u00e4rgne koristus Tallinnas ja Tartus. P\u00f5hjalik puhastus p\u00e4rast ehitus- ja remondit\u00f6id. Ehitustolmu eemaldamine. Tasuta pakkumine.\",\"breadcrumb\":{\"@id\":\"https:\/\/puhastuspro.ee\/ehitusjargsed\/#breadcrumb\"},\"inLanguage\":\"ru-RU\",\"potentialAction\":[{\"@type\":\"ReadAction\",\"target\":[\"https:\/\/puhastuspro.ee\/ehitusjargsed\/\"]}]},{\"@type\":\"BreadcrumbList\",\"@id\":\"https:\/\/puhastuspro.ee\/ehitusjargsed\/#breadcrumb\",\"itemListElement\":[{\"@type\":\"ListItem\",\"position\":1,\"name\":\"Avaleht\",\"item\":\"https:\/\/puhastuspro.ee\/\"},{\"@type\":\"ListItem\",\"position\":2,\"name\":\"Ehitusj\u00e4rgsed t\u00f6\u00f6d\"}]},{\"@type\":\"WebSite\",\"@id\":\"https:\/\/puhastuspro.ee\/ru\/#website\",\"url\":\"https:\/\/puhastuspro.ee\/ru\/\",\"name\":\"Puhastus Pro\",\"description\":\"Professionaalsed puhastusteenused Tallinnas ja Tartus\",\"potentialAction\":[{\"@type\":\"SearchAction\",\"target\":{\"@type\":\"EntryPoint\",\"urlTemplate\":\"https:\/\/puhastuspro.ee\/ru\/?s={search_term_string}\"},\"query-input\":{\"@type\":\"PropertyValueSpecification\",\"valueRequired\":true,\"valueName\":\"search_term_string\"}}],\"inLanguage\":\"ru-RU\"}]}<\/script>\n<!-- \/ Yoast SEO plugin. -->","yoast_head_json":{"title":"\u0423\u0431\u043e\u0440\u043a\u0430 \u043f\u043e\u0441\u043b\u0435 \u0440\u0435\u043c\u043e\u043d\u0442\u0430 \u0432 \u0422\u0430\u043b\u043b\u0438\u043d\u043d\u0435 \u0438 \u0422\u0430\u0440\u0442\u0443 | Puhastus Pro","description":"\u0423\u0431\u043e\u0440\u043a\u0430 \u043f\u043e\u0441\u043b\u0435 \u0440\u0435\u043c\u043e\u043d\u0442\u0430 \u0432 \u0422\u0430\u043b\u043b\u0438\u043d\u043d\u0435 \u0438 \u0422\u0430\u0440\u0442\u0443. \u0422\u0449\u0430\u0442\u0435\u043b\u044c\u043d\u0430\u044f \u0443\u0431\u043e\u0440\u043a\u0430 \u043f\u043e\u0441\u043b\u0435 \u0441\u0442\u0440\u043e\u0438\u0442\u0435\u043b\u044c\u043d\u044b\u0445 \u0438 \u0440\u0435\u043c\u043e\u043d\u0442\u043d\u044b\u0445 \u0440\u0430\u0431\u043e\u0442. \u0423\u0434\u0430\u043b\u0435\u043d\u0438\u0435 \u0441\u0442\u0440\u043e\u0438\u0442\u0435\u043b\u044c\u043d\u043e\u0439 \u043f\u044b\u043b\u0438. \u0411\u0435\u0441\u043f\u043b\u0430\u0442\u043d\u043e\u0435 \u043f\u0440\u0435\u0434\u043b\u043e\u0436\u0435\u043d\u0438\u0435.","robots":{"index":"index","follow":"follow","max-snippet":"max-snippet:-1","max-image-preview":"max-image-preview:large","max-video-preview":"max-video-preview:-1"},"canonical":"https:\/\/puhastuspro.ee\/ru\/ehitusjargsed\/","og_locale":"ru_RU","og_type":"article","og_title":"Ehitusj\u00e4rgne koristus Tallinnas ja Tartus | Puhastus Pro","og_description":"Ehitusj\u00e4rgne koristus Tallinnas ja Tartus. P\u00f5hjalik puhastus p\u00e4rast ehitus- ja remondit\u00f6id. Ehitustolmu eemaldamine. Tasuta pakkumine.","og_url":"https:\/\/puhastuspro.ee\/ru\/ehitusjargsed\/","og_site_name":"Puhastus Pro","twitter_card":"summary_large_image","schema":{"@context":"https:\/\/schema.org","@graph":[{"@type":"WebPage","@id":"https:\/\/puhastuspro.ee\/ehitusjargsed\/","url":"https:\/\/puhastuspro.ee\/ehitusjargsed\/","name":"\u0423\u0431\u043e\u0440\u043a\u0430 \u043f\u043e\u0441\u043b\u0435 \u0440\u0435\u043c\u043e\u043d\u0442\u0430 \u0432 \u0422\u0430\u043b\u043b\u0438\u043d\u043d\u0435 \u0438 \u0422\u0430\u0440\u0442\u0443 | Puhastus Pro","isPartOf":{"@id":"https:\/\/puhastuspro.ee\/ru\/#website"},"datePublished":"2025-12-20T16:26:45+00:00","description":"\u0423\u0431\u043e\u0440\u043a\u0430 \u043f\u043e\u0441\u043b\u0435 \u0440\u0435\u043c\u043e\u043d\u0442\u0430 \u0432 \u0422\u0430\u043b\u043b\u0438\u043d\u043d\u0435 \u0438 \u0422\u0430\u0440\u0442\u0443. \u0422\u0449\u0430\u0442\u0435\u043b\u044c\u043d\u0430\u044f \u0443\u0431\u043e\u0440\u043a\u0430 \u043f\u043e\u0441\u043b\u0435 \u0441\u0442\u0440\u043e\u0438\u0442\u0435\u043b\u044c\u043d\u044b\u0445 \u0438 \u0440\u0435\u043c\u043e\u043d\u0442\u043d\u044b\u0445 \u0440\u0430\u0431\u043e\u0442. \u0423\u0434\u0430\u043b\u0435\u043d\u0438\u0435 \u0441\u0442\u0440\u043e\u0438\u0442\u0435\u043b\u044c\u043d\u043e\u0439 \u043f\u044b\u043b\u0438. \u0411\u0435\u0441\u043f\u043b\u0430\u0442\u043d\u043e\u0435 \u043f\u0440\u0435\u0434\u043b\u043e\u0436\u0435\u043d\u0438\u0435.","breadcrumb":{"@id":"https:\/\/puhastuspro.ee\/ehitusjargsed\/#breadcrumb"},"inLanguage":"ru-RU","potentialAction":[{"@type":"ReadAction","target":["https:\/\/puhastuspro.ee\/ehitusjargsed\/"]}]},{"@type":"BreadcrumbList","@id":"https:\/\/puhastuspro.ee\/ehitusjargsed\/#breadcrumb","itemListElement":[{"@type":"ListItem","position":1,"name":"Avaleht","item":"https:\/\/puhastuspro.ee\/"},{"@type":"ListItem","position":2,"name":"Ehitusj\u00e4rgsed t\u00f6\u00f6d"}]},{"@type":"WebSite","@id":"https:\/\/puhastuspro.ee\/ru\/#website","url":"https:\/\/puhastuspro.ee\/ru\/","name":"Puhastus Pro","description":"\u041f\u0440\u043e\u0444\u0435\u0441\u0441\u0438\u043e\u043d\u0430\u043b\u044c\u043d\u044b\u0435 \u043a\u043b\u0438\u043d\u0438\u043d\u0433\u043e\u0432\u044b\u0435 \u0443\u0441\u043b\u0443\u0433\u0438 \u0432 \u0422\u0430\u043b\u043b\u0438\u043d\u043d\u0435 \u0438 \u0422\u0430\u0440\u0442\u0443","potentialAction":[{"@type":"SearchAction","target":{"@type":"EntryPoint","urlTemplate":"https:\/\/puhastuspro.ee\/ru\/?s={search_term_string}"},"query-input":{"@type":"PropertyValueSpecification","valueRequired":true,"valueName":"search_term_string"}}],"inLanguage":"ru-RU"}]}},"_links":{"self":[{"href":"https:\/\/puhastuspro.ee\/ru\/wp-json\/wp\/v2\/pages\/36","targetHints":{"allow":["GET"]}}],"collection":[{"href":"https:\/\/puhastuspro.ee\/ru\/wp-json\/wp\/v2\/pages"}],"about":[{"href":"https:\/\/puhastuspro.ee\/ru\/wp-json\/wp\/v2\/types\/page"}],"author":[{"embeddable":true,"href":"https:\/\/puhastuspro.ee\/ru\/wp-json\/wp\/v2\/users\/1"}],"replies":[{"embeddable":true,"href":"https:\/\/puhastuspro.ee\/ru\/wp-json\/wp\/v2\/comments?post=36"}],"version-history":[{"count":0,"href":"https:\/\/puhastuspro.ee\/ru\/wp-json\/wp\/v2\/pages\/36\/revisions"}],"wp:attachment":[{"href":"https:\/\/puhastuspro.ee\/ru\/wp-json\/wp\/v2\/media?parent=36"}],"curies":[{"name":"wp","href":"https:\/\/api.w.org\/{rel}","templated":true}]}}